{"id":15907,"date":"2015-05-04T13:53:31","date_gmt":"2015-05-04T13:53:31","guid":{"rendered":"http:\/\/www.ricardbalada.com\/en\/cvcastellano\/"},"modified":"2025-08-25T12:31:21","modified_gmt":"2025-08-25T12:31:21","slug":"cvenglish","status":"publish","type":"page","link":"http:\/\/www.ricardbalada.com\/en\/cvenglish\/","title":{"rendered":"CV"},"content":{"rendered":"<p>[vc_row row_type=&#8221;row&#8221; use_row_as_full_screen_section=&#8221;no&#8221; type=&#8221;full_width&#8221; angled_section=&#8221;no&#8221; text_align=&#8221;left&#8221; background_image_as_pattern=&#8221;without_pattern&#8221; css_animation=&#8221;&#8221;][vc_column width=&#8221;1\/6&#8243;][vc_empty_space][vc_single_image image=&#8221;16857&#8243; img_size=&#8221;full&#8221; alignment=&#8221;center&#8221; onclick=&#8221;custom_link&#8221; img_link_target=&#8221;_blank&#8221; qode_css_animation=&#8221;&#8221; link=&#8221;http:\/\/www.imdb.com\/name\/nm5497642\/?ref_=fn_al_nm_2&#8243;][\/vc_column][vc_column width=&#8221;1\/6&#8243;][vc_single_image image=&#8221;15738&#8243; alignment=&#8221;center&#8221; onclick=&#8221;custom_link&#8221; img_link_target=&#8221;_blank&#8221; qode_css_animation=&#8221;&#8221; link=&#8221;http:\/\/www.spotlight.com\/interactive\/cv\/9495-1278-2347&#8243;][\/vc_column][vc_column width=&#8221;1\/6&#8243;][vc_single_image image=&#8221;17169&#8243; img_size=&#8221;full&#8221; alignment=&#8221;center&#8221; onclick=&#8221;custom_link&#8221; img_link_target=&#8221;_blank&#8221; qode_css_animation=&#8221;&#8221; link=&#8221;https:\/\/www.berlinale-talents.de\/bt\/talent\/ricardbalada\/profile&#8221;][\/vc_column][vc_column width=&#8221;1\/6&#8243;][vc_single_image image=&#8221;16855&#8243; onclick=&#8221;custom_link&#8221; qode_css_animation=&#8221;&#8221; link=&#8221;https:\/\/www.academiadelcinema.cat\/ca\/academia-ca\/academics?jjj=1585409649672&#8243;][\/vc_column][vc_column width=&#8221;1\/6&#8243;][vc_single_image image=&#8221;16854&#8243; onclick=&#8221;custom_link&#8221; qode_css_animation=&#8221;&#8221; link=&#8221;https:\/\/www.academiadecine.com\/&#8221;][\/vc_column][vc_column width=&#8221;1\/6&#8243;][vc_empty_space][vc_single_image image=&#8221;17178&#8243; img_size=&#8221;full&#8221; onclick=&#8221;custom_link&#8221; qode_css_animation=&#8221;&#8221; link=&#8221;https:\/\/www.europeanfilmacademy.org\/&#8221;][\/vc_column][\/vc_row][vc_row row_type=&#8221;row&#8221; use_row_as_full_screen_section=&#8221;no&#8221; type=&#8221;full_width&#8221; angled_section=&#8221;no&#8221; text_align=&#8221;left&#8221; background_image_as_pattern=&#8221;without_pattern&#8221; css_animation=&#8221;&#8221;][vc_column][vc_empty_space][vc_column_text]<\/p>\n<h2 style=\"text-align: left;\">CINEMA<\/h2>\n<p>[\/vc_column_text][vc_column_text]<\/p>\n<p style=\"text-align: left;\"><em><span style=\"text-decoration: underline;\"><strong>FEATURE FILMS<\/strong><\/span><\/em><\/p>\n<p>2025 | <b>EL LATIDO DE ABEL<\/b> &#8211; Directed by Luciano Rubio<\/p>\n<p>2025 | <b>KILLDER<\/b> &#8211; Directed by Joan Ram\u00f3n Armad\u00e0s<\/p>\n<p>2024 | <b>EL CAS \u00c0NGELUS. LA FASCINACI\u00d3 DE DAL\u00cd<\/b> &#8211; Directed by Joan Frank Charansonnet<\/p>\n<p>2022 | <b>TEORIA DELS COSSOS<\/b> &#8211; Dir. Joan Ram\u00f3n Armad\u00e0s<\/p>\n<p>2020 | <b>THE UNBEARABLE WEIGHT OF MASSIVE TALENT<\/b> &#8211; Directed by Tom Gormican<\/p>\n<p><span style=\"color: #ffffff;\">00<\/span>Starring by Nicolas Cage with Pedro Pascal, Neil Patrick Harris and Paco Le\u00f3n.<\/p>\n<p><span style=\"color: #ffffff;\">00<\/span>International premiere in<em> SXSW (Austin)<\/em><\/p>\n<p>2019 | <strong>TERRA DE TELERS.<\/strong>\u00a0Directed by Joan Frank Charansonnet<\/p>\n<p>2018 | <strong>EL LEGADO EN LOS HUESOS<\/strong>. Directed by Fernando Gonz\u00e1lez Molina<\/p>\n<p>2017 | <strong>ROADS<\/strong>. Directed by Sebastian Schipper<\/p>\n<p><span style=\"color: #ffffff;\">00<\/span>International premiere in <em>TriBeCa Film Festival\u00a0<\/em>(New York)<\/p>\n<p>2017 | <strong>EL PATI I LA LLUNA<\/strong>. Directed by Santiago Lapeira<\/p>\n<p>2017 | <b>DR\u00c1CULA DE DENISE CASTRO<\/b>\u00a0Directed by Denise Castro<\/p>\n<p>2016 | <strong>SALVACI\u00d3N<\/strong>. Directed by Denise Castro<\/p>\n<p><span style=\"color: #ffffff;\">00<\/span>International premiere in<em> Sitges International Film Festival 2016<\/em><\/p>\n<p>2014 | <strong>NATASHA<\/strong>. Directed by Sandeep Raisinghani<\/p>\n<p><span style=\"color: #ffffff;\">00<\/span>Award of Merit from<em>\u00a0Indie Fest Film Awards 2014<\/em><\/p>\n<p><span style=\"color: #ffffff;\">0<\/span><\/p>\n<p style=\"text-align: left;\"><em><span style=\"text-decoration: underline;\"><strong>SHORT FILMS AND MORE<\/strong><\/span><strong> (selection)<\/strong><\/em><\/p>\n<p>2024 |\u00a0<b>SOCORRO<\/b>. Salve Roma TV. Directed by Martin Jalfen y Mike Sandivaras<\/p>\n<p>2023 | Documentary <b>BATHTUBS<\/b>. Taskscape Media. Directed by Theodore Simmons<\/p>\n<p>2023 | <b>DOSIS<\/b>. Costea Films &amp; La Magia Negra Producciones. Directed by Jorge Laffond<\/p>\n<p>2022 | <b>TEMPESTA<\/b>. Tandem Films. Directed by JR Armad\u00e0s<\/p>\n<p>2021 | Music video <strong>ES URGENTE<\/strong>. Californio Records. Directed by Alex Aguera<\/p>\n<p>2021 | <b>60 SEGONS<\/b>. DIBACat y Tandem. Directed by JR Armad\u00e0s<\/p>\n<p>2019 | <strong>UN SILENCI ABSOLU<\/strong>. Inside Us Films. Directed by Sophie Venecia<\/p>\n<p>2019 | Music video <strong>MY MOTHER&#8217;S DATING A VAMPIRE<\/strong>\u00a0Directed by Denise Castro<\/p>\n<p><span style=\"color: #ffffff;\">00<\/span><em>Song for &#8220;The Lost Boys&#8221; by Oblique &amp; C. Bayona<\/em><\/p>\n<p>2018 | <strong>RULETA<\/strong>. Glez Producciones. Directed by Berry Espinosa<\/p>\n<p>2017 | <strong>PARALLELISM<\/strong>. Escac Films. Directed by Carlos Cobos<\/p>\n<p>2017 | <strong>NOOK. <\/strong>Escac Films. Directed by Carlos Villafaina<\/p>\n<p style=\"text-align: left;\">2016 | <strong>BAD BEAT<\/strong>. AJ Contraplano. Directed by Oriol Montoliu<\/p>\n<p style=\"text-align: left;\">2014 | <strong>LES DA IGUAL<\/strong>. Bande \u00e0 part. Directed by Daniel Zapatrin<\/p>\n<p style=\"text-align: left;\">2014 | <strong>MIMMETU<\/strong>. ECIB. Directed by Albert Masferrer<\/p>\n<p style=\"text-align: left;\">2013 | <strong>ORDEN<\/strong>. Visual Group Films. Directed by Jordi Castej\u00f3n<\/p>\n<p style=\"text-align: left;\">2012 |<strong>\u00a0<\/strong>Webserie <strong>\u00c9CHAME UN CABLE<\/strong>. Directed by Chuso del Campo<\/p>\n<p style=\"text-align: left;\"><span style=\"color: #ffffff;\">00<\/span>In Antena3 tv website called<em>\u00a0&#8220;El s\u00f3tano&#8221;\u00a0<\/em><\/p>\n<p>[\/vc_column_text][vc_empty_space][\/vc_column][\/vc_row][vc_row row_type=&#8221;row&#8221; use_row_as_full_screen_section=&#8221;no&#8221; type=&#8221;full_width&#8221; angled_section=&#8221;no&#8221; text_align=&#8221;left&#8221; background_image_as_pattern=&#8221;without_pattern&#8221; css_animation=&#8221;&#8221;][vc_column][vc_column_text]<\/p>\n<h2 style=\"text-align: left;\">TELEVISION<\/h2>\n<p>[\/vc_column_text][vc_column_text el_class=&#8221;Teatro mar\u00eda guerrero&#8221;]2025 | Presenter at the <strong>XVIII Premis Gaud\u00ed<\/strong> by the Catalan Film Academy and TVC (Catalonia TV). Dir. Daniel Angl\u00e8s<\/p>\n<p>2023 | <b>A MUERTE<\/b> by Atresplayer, S\u00e1bado Pel\u00edculas and PlayTime. Directed by Dani de la Orden<\/p>\n<p>2023 | Presenter at the <strong>67<\/strong> <b>Premios St. Jordi de Cinematograf\u00eda<\/b> by RTVE (National TV). Dir. Mar\u00eda Eizaguirre<\/p>\n<p>2022 | 6th season &#8211; <b>OH MY GOIG<\/b> by betev\u00e9 (Btv). Directed by A\u00efda Torrent<\/p>\n<p>2021 | <b>\u00a1GARC\u00cdA!<\/b> by HBOMax and Zeta Studios. Directed by Eugenio Mira<\/p>\n<p>2021 | 5th season &#8211; <b>OH MY GOIG<\/b> by betev\u00e9 (Btv). Directed by A\u00efda Torrent<\/p>\n<p>2020 | 4th season &#8211; <b>OH MY GOIG<\/b> by betev\u00e9 (Btv). Directed by A\u00efda Torrent<\/p>\n<p>2019 | Pilot <strong>MOROS A LA COSTA!<\/strong>. Muchos P\u00e1jaros Producciones. Directed by Imanol Garc\u00eda<\/p>\n<p>2019 | 3rd season &#8211; Serie <b>OH MY GOIG<\/b> by betev\u00e9 (Btv). Directed by A\u00efda Torrent<\/p>\n<p>2018 | <strong>COM SI FOS AHIR<\/strong> by TV3 (Televisi\u00f3 de Catalunya). Directed by S\u00f2nia S\u00e1nchez<\/p>\n<p>2018 | <strong>5 MINUTS TARD<\/strong> by betev\u00e9 (Btv). Directed by Alberto Dexeus<\/p>\n<p>2017-18 | 2nd season &#8211; <b>OH MY GOIG<\/b> by betev\u00e9 (Btv). Directed by A\u00efda Torrent<\/p>\n<p>2016-17 | 1st season &#8211; <b>OH MY GOIG<\/b> by betev\u00e9 (Btv). Directed by A\u00efda Torrent[\/vc_column_text][vc_empty_space][\/vc_column][\/vc_row][vc_row row_type=&#8221;row&#8221; use_row_as_full_screen_section=&#8221;no&#8221; type=&#8221;full_width&#8221; angled_section=&#8221;no&#8221; text_align=&#8221;left&#8221; background_image_as_pattern=&#8221;without_pattern&#8221; css_animation=&#8221;&#8221;][vc_column][vc_column_text]<\/p>\n<h2 style=\"text-align: left;\">STAGE<\/h2>\n<p>[\/vc_column_text][vc_column_text el_class=&#8221;Teatro mar\u00eda guerrero&#8221;]2018-20 + 2022 | <strong>CAPULLOS QUE VUELAN<\/strong>. Teatro Lara (Madrid)<\/p>\n<p><span style=\"color: #ffffff;\">00<\/span>Writed and directed by Llu\u00eds Mosquera.<\/p>\n<p>2018 | <strong>ACASTOS. \u00bfPARA QU\u00c9 SIRVE EL TEATRO?<\/strong>. Teatro Mar\u00eda Guerrero (Madrid)<\/p>\n<p>by Iris Murdoch &amp; directed by Ernesto Caballero.<\/p>\n<p>2017 | <strong>M\u00c1S ALL\u00c1 DE VERONA<\/strong>. Porta 4 (Barcelona)<\/p>\n<p><span style=\"color: #ffffff;\">00<\/span>Writed by Eduardo Vara. Directed by Albert Pueyo.<\/p>\n<p>2017 | <strong>AMOR EN VENA<\/strong>. Microteatre Barcelona. Writed and directed by Daniel Noblom.<\/p>\n<p>2016 | <strong>NO ESTAMOS SOLOS<\/strong>. Microteatre Barcelona. Writed and directed by Manuel Mira.<\/p>\n<p style=\"text-align: left;\">2016 | <strong>TE QUIERO <\/strong>by Sergi Portabella. Microteatre Barcelona. Dir: Laura Yuste<\/p>\n<p style=\"text-align: left;\">2014-16 | <strong>BLANCANIEVES<\/strong>. Cia. Magatzem d&#8217;Ars. Teatreneu. Dir:\u00a0Albert Pueyo<\/p>\n<p style=\"text-align: left;\">2015-16 | <b>CAPERUCITA Y EL LOBO.<\/b>\u00a0Cia. Magatzem d&#8217;Ars. Tour Catalonia. Dir: Albert Pueyo<\/p>\n<p style=\"text-align: left;\">2014-15 | <b>MY ENGLISH FRIENDS<\/b>. Cia. Open Theatre. Tour\u00a0Spain. Dir: Albert Pueyo<\/p>\n<p style=\"text-align: left;\">2014-15 | <strong>THE WIZARD OF OZ<\/strong>. Cia. Open Theatre.\u00a0Tour Spain. Dir: Albert\u00a0Pueyo<\/p>\n<p style=\"text-align: left;\">2014 | <strong>LA ISLA DEL TESORO<\/strong>. Cia. Magatzem d&#8217;Ars. Teatro Musical de Valencia. Dir:\u00a0Albert Pueyo<\/p>\n<p>[\/vc_column_text][\/vc_column][\/vc_row][vc_row row_type=&#8221;row&#8221; use_row_as_full_screen_section=&#8221;no&#8221; type=&#8221;full_width&#8221; angled_section=&#8221;no&#8221; text_align=&#8221;left&#8221; background_image_as_pattern=&#8221;without_pattern&#8221; css_animation=&#8221;&#8221;][vc_column][vc_empty_space][\/vc_column][\/vc_row][vc_row row_type=&#8221;row&#8221; use_row_as_full_screen_section=&#8221;no&#8221; type=&#8221;full_width&#8221; angled_section=&#8221;no&#8221; text_align=&#8221;left&#8221; background_image_as_pattern=&#8221;without_pattern&#8221; css_animation=&#8221;&#8221;][vc_column width=&#8221;4\/6&#8243;][vc_column_text]<\/p>\n<h2 style=\"text-align: left;\">TRAINING<\/h2>\n<p>[\/vc_column_text][vc_column_text]2024 | <em>Accent Reduction<\/em> Level II with Jon Sperry<\/p>\n<p>2024 | <em>Acting in English<\/em> with Camilla-Valentine Isola<\/p>\n<p>2023 | <em>Accent Reduction<\/em> Level I with Jon Sperry<\/p>\n<p>2023 | <em>Alexander Technique<\/em> with Jean-Louis Rodrigue and Kistof Konrad<\/p>\n<p style=\"text-align: left;\">2021 |\u00a0<em>T\u00e9cnica Chubbuck<\/em> with Ernesto Dom\u00ednguez<\/p>\n<p>2020 | <i>International Training for Actors<\/i> in Frankstein Studio<\/p>\n<p>2019 |\u00a0<i>International casting<\/i> with Kimberly Graham<\/p>\n<p>2019 | <i>Preparation for international casting<\/i> with Luci Lenox<\/p>\n<p>2019 | <em>Casting internationally<\/em> with Rose Wicksteed<\/p>\n<p>2018 | International masterclass with Bernard Hiller (London)<\/p>\n<p>2017 | <em>Audition and film acting intensive course<\/em> with Nancy Bishop<\/p>\n<p>2017 | Casting workshop course with Juan Pablo Rinc\u00f3n<\/p>\n<p>2017 | International masterclass with Bernard Hiller (Madrid)<\/p>\n<p>2017 | <em>Art of audition, the business<\/em> of the art with Paul Weber<\/p>\n<p>2015-17 | Acting in English with Luci Lenox at Frankestein Studio<\/p>\n<p style=\"text-align: left;\">2012-16 | Acting\u00a0at Nancy Tu\u00f1\u00f3n-Jordi Oliver Studio<\/p>\n<p style=\"text-align: left;\">2016 | <em>Kepping it alive and real o<\/em>n screen with Mel Churcher<\/p>\n<p style=\"text-align: left;\">2015\u00a0| <em>Acting Progress<\/em> in camera with Daniel Ses\u00e9<\/p>\n<p style=\"text-align: left;\">2015\u00a0| Accent Training Course in English with Stevie Rickard<\/p>\n<p style=\"text-align: left;\">2013-15 | Spanish diction classes by Raquel Carballo<\/p>\n<p style=\"text-align: left;\">2013-14 |\u00a0Catalan diction classes by Araceli Bruch<\/p>\n<p style=\"text-align: left;\">2010 | Acting at Col\u00b7legi del Teatre (CTB)<\/p>\n<p>[\/vc_column_text][\/vc_column][vc_column width=&#8221;2\/6&#8243;][vc_column_text]<\/p>\n<h2 style=\"text-align: left;\">LANGUAGES<\/h2>\n<p>[\/vc_column_text][vc_column_text]<\/p>\n<p style=\"text-align: left;\">Spanish <em>(native)<\/em><\/p>\n<p style=\"text-align: left;\">Catalan <em>(native)<\/em><\/p>\n<p style=\"text-align: left;\">English <em>(fluent)<\/em><\/p>\n<p>[\/vc_column_text][vc_empty_space][vc_empty_space][vc_column_text]<\/p>\n<h2 style=\"text-align: left;\">SKILLS<\/h2>\n<p>[\/vc_column_text][vc_column_text]Car driving license<\/p>\n<p>Tennis<\/p>\n<p>Skiing<\/p>\n<p>Singing<\/p>\n<p>Climbing[\/vc_column_text][\/vc_column][\/vc_row][vc_row row_type=&#8221;row&#8221; use_row_as_full_screen_section=&#8221;no&#8221; type=&#8221;full_width&#8221; angled_section=&#8221;no&#8221; text_align=&#8221;left&#8221; background_image_as_pattern=&#8221;without_pattern&#8221; css_animation=&#8221;&#8221;][vc_column][vc_empty_space][\/vc_column][\/vc_row][vc_row row_type=&#8221;row&#8221; use_row_as_full_screen_section=&#8221;no&#8221; type=&#8221;full_width&#8221; angled_section=&#8221;no&#8221; text_align=&#8221;left&#8221; background_image_as_pattern=&#8221;without_pattern&#8221; css_animation=&#8221;&#8221;][vc_column width=&#8221;1\/6&#8243;][vc_empty_space][\/vc_column][vc_column width=&#8221;1\/6&#8243;][vc_single_image image=&#8221;16861&#8243; alignment=&#8221;center&#8221; onclick=&#8221;custom_link&#8221; img_link_target=&#8221;_blank&#8221; qode_css_animation=&#8221;&#8221; link=&#8221;https:\/\/www.instagram.com\/ricardbalada\/&#8221;][\/vc_column][vc_column width=&#8221;1\/6&#8243;][vc_single_image image=&#8221;16862&#8243; img_size=&#8221;full&#8221; alignment=&#8221;center&#8221; onclick=&#8221;custom_link&#8221; img_link_target=&#8221;_blank&#8221; qode_css_animation=&#8221;&#8221; link=&#8221;https:\/\/vimeo.com\/ricardbalada&#8221;][\/vc_column][vc_column width=&#8221;1\/6&#8243;][vc_empty_space][vc_single_image image=&#8221;16863&#8243; img_size=&#8221;medium&#8221; onclick=&#8221;custom_link&#8221; img_link_target=&#8221;_blank&#8221; qode_css_animation=&#8221;&#8221; link=&#8221;https:\/\/www.youtube.com\/channel\/UCriiXItpLkmgqbEcg4JxyGA&#8221;][\/vc_column][vc_column width=&#8221;1\/6&#8243;][vc_single_image image=&#8221;16864&#8243; onclick=&#8221;custom_link&#8221; img_link_target=&#8221;_blank&#8221; qode_css_animation=&#8221;&#8221; link=&#8221;https:\/\/www.facebook.com\/ricardbaladaactor&#8221;][\/vc_column][vc_column width=&#8221;1\/6&#8243;][vc_empty_space][\/vc_column][\/vc_row][vc_row row_type=&#8221;row&#8221; use_row_as_full_screen_section=&#8221;no&#8221; type=&#8221;full_width&#8221; angled_section=&#8221;no&#8221; text_align=&#8221;left&#8221; background_image_as_pattern=&#8221;without_pattern&#8221; css_animation=&#8221;&#8221;][vc_column][vc_empty_space][\/vc_column][\/vc_row][vc_row row_type=&#8221;row&#8221; use_row_as_full_screen_section=&#8221;no&#8221; type=&#8221;full_width&#8221; angled_section=&#8221;no&#8221; text_align=&#8221;left&#8221; background_image_as_pattern=&#8221;without_pattern&#8221; css_animation=&#8221;&#8221;][vc_column width=&#8221;1\/3&#8243;][vc_single_image image=&#8221;16945&#8243; img_size=&#8221;full&#8221; alignment=&#8221;center&#8221; onclick=&#8221;link_image&#8221; qode_css_animation=&#8221;&#8221;][\/vc_column][vc_column width=&#8221;1\/3&#8243;][vc_single_image image=&#8221;16950&#8243; img_size=&#8221;full&#8221; alignment=&#8221;center&#8221; onclick=&#8221;link_image&#8221; qode_css_animation=&#8221;&#8221;][\/vc_column][vc_column width=&#8221;1\/3&#8243;][vc_single_image image=&#8221;16947&#8243; img_size=&#8221;full&#8221; alignment=&#8221;center&#8221; onclick=&#8221;link_image&#8221; qode_css_animation=&#8221;&#8221;][\/vc_column][\/vc_row][vc_row row_type=&#8221;row&#8221; use_row_as_full_screen_section=&#8221;no&#8221; type=&#8221;full_width&#8221; angled_section=&#8221;no&#8221; text_align=&#8221;left&#8221; background_image_as_pattern=&#8221;without_pattern&#8221; css_animation=&#8221;&#8221;][vc_column][vc_column_text]<\/p>\n<p>[\/vc_column_text][\/vc_column][\/vc_row][vc_row row_type=&#8221;row&#8221; use_row_as_full_screen_section=&#8221;no&#8221; type=&#8221;grid&#8221; angled_section=&#8221;no&#8221; text_align=&#8221;center&#8221; background_image_as_pattern=&#8221;without_pattern&#8221; padding_top=&#8221;50&#8243; padding_bottom=&#8221;100&#8243; css_animation=&#8221;&#8221;][vc_column]<span class='q_social_icon_holder circle_social' data-color=#ffffff data-hover-background-color=#ffffff data-hover-border-color=#a1152c data-hover-color=#a1152c><a itemprop='url' href='https:\/\/twitter.com\/ricardbalada' target='_self'><span class='fa-stack ' style='background-color: #a1152c;border-color: #a1152c;border-width: 1px;font-size: 19px;'><i class=\"qode_icon_font_awesome fa fa-twitter \" style=\"color: #ffffff;font-size: 15px;\" ><\/i><\/span><\/a><\/span><span class='q_social_icon_holder circle_social' data-color=#ffffff data-hover-background-color=#ffffff data-hover-border-color=#a1152c data-hover-color=#a1152c><a itemprop='url' href='https:\/\/www.facebook.com\/ricardbaladaactor' target='_self'><span class='fa-stack ' style='background-color: #a1152c;border-color: #a1152c;border-width: 1px;font-size: 19px;'><i class=\"qode_icon_font_awesome fa fa-facebook \" style=\"color: #ffffff;font-size: 15px;\" ><\/i><\/span><\/a><\/span><span class='q_social_icon_holder circle_social' data-color=#ffffff data-hover-background-color=#ffffff data-hover-border-color=#a1152c data-hover-color=#a1152c><a itemprop='url' href='https:\/\/es.linkedin.com\/in\/ricard-balada-0368ba104' target='_self'><span class='fa-stack ' style='background-color: #a1152c;border-color: #a1152c;border-width: 1px;font-size: 19px;'><i class=\"qode_icon_font_awesome fa fa-linkedin \" style=\"color: #ffffff;font-size: 15px;\" ><\/i><\/span><\/a><\/span>[\/vc_column][\/vc_row][vc_row row_type=&#8221;row&#8221; use_row_as_full_screen_section=&#8221;no&#8221; type=&#8221;full_width&#8221; angled_section=&#8221;no&#8221; text_align=&#8221;left&#8221; background_image_as_pattern=&#8221;without_pattern&#8221; css_animation=&#8221;&#8221;][vc_column][vc_empty_space][\/vc_column][\/vc_row]<\/p>\n","protected":false},"excerpt":{"rendered":"<p>[vc_row row_type=&#8221;row&#8221; use_row_as_full_screen_section=&#8221;no&#8221; type=&#8221;full_width&#8221; angled_section=&#8221;no&#8221; text_align=&#8221;left&#8221; background_image_as_pattern=&#8221;without_pattern&#8221; css_animation=&#8221;&#8221;][vc_column width=&#8221;1\/6&#8243;][vc_empty_space][vc_single_image image=&#8221;16857&#8243; img_size=&#8221;full&#8221; alignment=&#8221;center&#8221; onclick=&#8221;custom_link&#8221; img_link_target=&#8221;_blank&#8221; qode_css_animation=&#8221;&#8221; link=&#8221;http:\/\/www.imdb.com\/name\/nm5497642\/?ref_=fn_al_nm_2&#8243;][\/vc_column][vc_column width=&#8221;1\/6&#8243;][vc_single_image image=&#8221;15738&#8243; alignment=&#8221;center&#8221; onclick=&#8221;custom_link&#8221; img_link_target=&#8221;_blank&#8221; qode_css_animation=&#8221;&#8221; link=&#8221;http:\/\/www.spotlight.com\/interactive\/cv\/9495-1278-2347&#8243;][\/vc_column][vc_column width=&#8221;1\/6&#8243;][vc_single_image image=&#8221;17169&#8243; img_size=&#8221;full&#8221; alignment=&#8221;center&#8221; onclick=&#8221;custom_link&#8221; img_link_target=&#8221;_blank&#8221; qode_css_animation=&#8221;&#8221; link=&#8221;https:\/\/www.berlinale-talents.de\/bt\/talent\/ricardbalada\/profile&#8221;][\/vc_column][vc_column width=&#8221;1\/6&#8243;][vc_single_image image=&#8221;16855&#8243; onclick=&#8221;custom_link&#8221; qode_css_animation=&#8221;&#8221; link=&#8221;https:\/\/www.academiadelcinema.cat\/ca\/academia-ca\/academics?jjj=1585409649672&#8243;][\/vc_column][vc_column width=&#8221;1\/6&#8243;][vc_single_image image=&#8221;16854&#8243; onclick=&#8221;custom_link&#8221; qode_css_animation=&#8221;&#8221; link=&#8221;https:\/\/www.academiadecine.com\/&#8221;][\/vc_column][vc_column width=&#8221;1\/6&#8243;][vc_empty_space][vc_single_image image=&#8221;17178&#8243; img_size=&#8221;full&#8221; onclick=&#8221;custom_link&#8221;&#8230;<\/p>\n","protected":false},"author":1,"featured_media":0,"parent":0,"menu_order":0,"comment_status":"open","ping_status":"open","template":"","meta":{"footnotes":""},"class_list":["post-15907","page","type-page","status-publish","hentry"],"_links":{"self":[{"href":"http:\/\/www.ricardbalada.com\/en\/wp-json\/wp\/v2\/pages\/15907","targetHints":{"allow":["GET"]}}],"collection":[{"href":"http:\/\/www.ricardbalada.com\/en\/wp-json\/wp\/v2\/pages"}],"about":[{"href":"http:\/\/www.ricardbalada.com\/en\/wp-json\/wp\/v2\/types\/page"}],"author":[{"embeddable":true,"href":"http:\/\/www.ricardbalada.com\/en\/wp-json\/wp\/v2\/users\/1"}],"replies":[{"embeddable":true,"href":"http:\/\/www.ricardbalada.com\/en\/wp-json\/wp\/v2\/comments?post=15907"}],"version-history":[{"count":75,"href":"http:\/\/www.ricardbalada.com\/en\/wp-json\/wp\/v2\/pages\/15907\/revisions"}],"predecessor-version":[{"id":17496,"href":"http:\/\/www.ricardbalada.com\/en\/wp-json\/wp\/v2\/pages\/15907\/revisions\/17496"}],"wp:attachment":[{"href":"http:\/\/www.ricardbalada.com\/en\/wp-json\/wp\/v2\/media?parent=15907"}],"curies":[{"name":"wp","href":"https:\/\/api.w.org\/{rel}","templated":true}]}}